{"id":52,"date":"2026-02-09T10:41:57","date_gmt":"2026-02-09T09:41:57","guid":{"rendered":"https:\/\/eterninet.fr\/?page_id=52"},"modified":"2026-02-09T15:10:39","modified_gmt":"2026-02-09T14:10:39","slug":"contact-devis-gratuit","status":"publish","type":"page","link":"https:\/\/eterninet.fr\/index.php\/contact-devis-gratuit\/","title":{"rendered":"Contact &amp; devis gratuit"},"content":{"rendered":"\n<p>Vous souhaitez obtenir un devis gratuit ou des informations compl\u00e9mentaires ?<\/p>\n\n\n\n<p>Eterni\u2019Net est \u00e0 votre \u00e9coute pour toute demande concernant l\u2019entretien, le nettoyage ou l\u2019embellissement de s\u00e9pultures.<br>Chaque situation \u00e9tant unique, un devis personnalis\u00e9 vous est propos\u00e9 sans engagement.<\/p>\n\n\n\n<p>Coordonn\u00e9es<\/p>\n\n\n\n<p>\ud83d\udccd Secteur d\u2019intervention :<br>Rayon de 25 km autour de Lachapelle-aux-Pots (Oise)<\/p>\n\n\n\n<p>\ud83d\udcde T\u00e9l\u00e9phone :<br> <a href=\"tel:0762732612\">tel:0762732612<\/a><\/p>\n\n\n\n<p>\ud83d\udce7 Email :<br> <a href=\"mailto:eterninetpro@gmail.com\">mailto:eterninetpro@gmail.com<\/a><\/p>\n\n\n\n<p><\/p>\n\n\n\n<p><\/p>\n\n\n\n<p><strong>Informations pratiques<\/strong><\/p>\n\n\n\n<ul class=\"wp-block-list\">\n<li>\ud83d\udcc5 <strong>Interventions sur rendez-vous<\/strong><\/li>\n\n\n\n<li>\ud83d\udd52 <strong>D\u00e9lais d\u2019intervention<\/strong> : sous 7 jours apr\u00e8s validation (hors intemp\u00e9ries)<\/li>\n\n\n\n<li>\ud83c\udf26\ufe0f <strong>Conditions m\u00e9t\u00e9o<\/strong> : intervention report\u00e9e en cas d\u2019intemp\u00e9ries<\/li>\n\n\n\n<li>\ud83d\udcb3 <strong>Moyens de paiement<\/strong> : esp\u00e8ces, ch\u00e8que ou virement<\/li>\n\n\n\n<li>\ud83d\udcf8 <strong>Bilan photo avant \/ apr\u00e8s<\/strong> transmis apr\u00e8s chaque intervention<\/li>\n\n\n\n<li>\ud83d\udccd <strong>Acc\u00e8s libre \u00e0 la s\u00e9pulture requis<\/strong><\/li>\n<\/ul>\n\n\n<style id=\"wpforms-css-vars-62-block-25085302-911d-4c5e-a886-39b2ac323912\">\n\t\t\t\t#wpforms-62.wpforms-block-25085302-911d-4c5e-a886-39b2ac323912 {\n\t\t\t\t--wpforms-field-size-input-height: 43px;\n--wpforms-field-size-input-spacing: 15px;\n--wpforms-field-size-font-size: 16px;\n--wpforms-field-size-line-height: 19px;\n--wpforms-field-size-padding-h: 14px;\n--wpforms-field-size-checkbox-size: 16px;\n--wpforms-field-size-sublabel-spacing: 5px;\n--wpforms-field-size-icon-size: 1;\n--wpforms-label-size-font-size: 16px;\n--wpforms-label-size-line-height: 19px;\n--wpforms-label-size-sublabel-font-size: 14px;\n--wpforms-label-size-sublabel-line-height: 17px;\n--wpforms-button-size-font-size: 17px;\n--wpforms-button-size-height: 41px;\n--wpforms-button-size-padding-h: 15px;\n--wpforms-button-size-margin-top: 10px;\n\t\t\t}\n\t\t\t<\/style><div class=\"wpforms-container wpforms-container-full wpforms-block wpforms-block-25085302-911d-4c5e-a886-39b2ac323912 wpforms-render-modern\" id=\"wpforms-62\"><form id=\"wpforms-form-62\" class=\"wpforms-validate wpforms-form wpforms-ajax-form\" data-formid=\"62\" method=\"post\" enctype=\"multipart\/form-data\" action=\"\/index.php\/wp-json\/wp\/v2\/pages\/52\" data-token=\"ffa3fcdfb5789b83f3d617b6f47835b6\" data-token-time=\"1775365383\"><noscript class=\"wpforms-error-noscript\">Veuillez activer JavaScript dans votre navigateur pour remplir ce formulaire.<\/noscript><div id=\"wpforms-error-noscript\" style=\"display: none;\">Veuillez activer JavaScript dans votre navigateur pour remplir ce formulaire.<\/div><div class=\"wpforms-field-container\"><div id=\"wpforms-62-field_1-container\" class=\"wpforms-field wpforms-field-name\" data-field-id=\"1\"><fieldset><legend class=\"wpforms-field-label\">Nom <span class=\"wpforms-required-label\" aria-hidden=\"true\">*<\/span><\/legend><div class=\"wpforms-field-row wpforms-field-medium\"><div class=\"wpforms-field-row-block wpforms-first wpforms-one-half\"><input type=\"text\" id=\"wpforms-62-field_1\" class=\"wpforms-field-name-first wpforms-field-required\" name=\"wpforms[fields][1][first]\" aria-errormessage=\"wpforms-62-field_1-error\" required><label for=\"wpforms-62-field_1\" class=\"wpforms-field-sublabel after\">Pr\u00e9nom<\/label><\/div><div class=\"wpforms-field-row-block wpforms-one-half\"><input type=\"text\" id=\"wpforms-62-field_1-last\" class=\"wpforms-field-name-last wpforms-field-required\" name=\"wpforms[fields][1][last]\" aria-errormessage=\"wpforms-62-field_1-last-error\" required><label for=\"wpforms-62-field_1-last\" class=\"wpforms-field-sublabel after\">Nom<\/label><\/div><\/div><\/fieldset><\/div><div id=\"wpforms-62-field_2-container\" class=\"wpforms-field wpforms-field-email\" data-field-id=\"2\"><label class=\"wpforms-field-label\" for=\"wpforms-62-field_2\">E-mail <span class=\"wpforms-required-label\" aria-hidden=\"true\">*<\/span><\/label><input type=\"email\" id=\"wpforms-62-field_2\" class=\"wpforms-field-medium wpforms-field-required\" name=\"wpforms[fields][2]\" spellcheck=\"false\" aria-errormessage=\"wpforms-62-field_2-error\" required><\/div>\t\t<div id=\"wpforms-62-field_4-container\"\n\t\t\tclass=\"wpforms-field wpforms-field-text\"\n\t\t\tdata-field-type=\"text\"\n\t\t\tdata-field-id=\"4\"\n\t\t\t>\n\t\t\t<label class=\"wpforms-field-label\" for=\"wpforms-62-field_4\" >ou message Nom<\/label>\n\t\t\t<input type=\"text\" id=\"wpforms-62-field_4\" class=\"wpforms-field-medium\" name=\"wpforms[fields][4]\" >\n\t\t<\/div>\n\t\t<div id=\"wpforms-62-field_3-container\" class=\"wpforms-field wpforms-field-textarea\" data-field-id=\"3\"><label class=\"wpforms-field-label\" for=\"wpforms-62-field_3\">Commentaire ou message <span class=\"wpforms-required-label\" aria-hidden=\"true\">*<\/span><\/label><textarea id=\"wpforms-62-field_3\" class=\"wpforms-field-medium wpforms-field-required\" name=\"wpforms[fields][3]\" aria-errormessage=\"wpforms-62-field_3-error\" aria-describedby=\"wpforms-62-field_3-description\" required><\/textarea><div id=\"wpforms-62-field_3-description\" class=\"wpforms-field-description\">Merci d&rsquo;indiquer votre num\u00e9ro de t\u00e9l\u00e9phone si vous souhaitez \u00eatre recontact\u00e9 rapidement.<\/div><\/div><script>\n\t\t\t\t( function() {\n\t\t\t\t\tconst style = document.createElement( 'style' );\n\t\t\t\t\tstyle.appendChild( document.createTextNode( '#wpforms-62-field_4-container { position: absolute !important; overflow: hidden !important; display: inline !important; height: 1px !important; width: 1px !important; z-index: -1000 !important; padding: 0 !important; } #wpforms-62-field_4-container input { visibility: hidden; } #wpforms-conversational-form-page #wpforms-62-field_4-container label { counter-increment: none; }' ) );\n\t\t\t\t\tdocument.head.appendChild( style );\n\t\t\t\t\tdocument.currentScript?.remove();\n\t\t\t\t} )();\n\t\t\t<\/script><\/div><!-- .wpforms-field-container --><div class=\"wpforms-submit-container\" ><input type=\"hidden\" name=\"wpforms[id]\" value=\"62\"><input type=\"hidden\" name=\"page_title\" value=\"\"><input type=\"hidden\" name=\"page_url\" value=\"https:\/\/eterninet.fr\/index.php\/wp-json\/wp\/v2\/pages\/52\"><input type=\"hidden\" name=\"url_referer\" value=\"\"><button type=\"submit\" name=\"wpforms[submit]\" id=\"wpforms-submit-62\" class=\"wpforms-submit\" data-alt-text=\"Envoi...\" data-submit-text=\"Envoyer\" aria-live=\"assertive\" value=\"wpforms-submit\">Envoyer<\/button><img loading=\"lazy\" decoding=\"async\" src=\"https:\/\/eterninet.fr\/wp-content\/plugins\/wpforms-lite\/assets\/images\/submit-spin.svg\" class=\"wpforms-submit-spinner\" style=\"display: none;\" width=\"26\" height=\"26\" alt=\"Chargement en cours\"><\/div><\/form><\/div>  <!-- .wpforms-container -->\n\n\n<p><\/p>\n","protected":false},"excerpt":{"rendered":"<p>Vous souhaitez obtenir un devis gratuit ou des informations compl\u00e9mentaires ? Eterni\u2019Net est \u00e0 votre \u00e9coute pour toute demande concernant l\u2019entretien, le nettoyage ou l\u2019embellissement de s\u00e9pultures.Chaque situation \u00e9tant unique, un devis personnalis\u00e9 vous est propos\u00e9 sans engagement. Coordonn\u00e9es \ud83d\udccd Secteur d\u2019intervention :Rayon de 25 km autour de Lachapelle-aux-Pots (Oise) \ud83d\udcde T\u00e9l\u00e9phone : tel:0762732612 \ud83d\udce7 [&hellip;]<\/p>\n","protected":false},"author":1,"featured_media":0,"parent":0,"menu_order":3,"comment_status":"closed","ping_status":"closed","template":"","meta":{"footnotes":""},"class_list":["post-52","page","type-page","status-publish","hentry"],"_links":{"self":[{"href":"https:\/\/eterninet.fr\/index.php\/wp-json\/wp\/v2\/pages\/52","targetHints":{"allow":["GET"]}}],"collection":[{"href":"https:\/\/eterninet.fr\/index.php\/wp-json\/wp\/v2\/pages"}],"about":[{"href":"https:\/\/eterninet.fr\/index.php\/wp-json\/wp\/v2\/types\/page"}],"author":[{"embeddable":true,"href":"https:\/\/eterninet.fr\/index.php\/wp-json\/wp\/v2\/users\/1"}],"replies":[{"embeddable":true,"href":"https:\/\/eterninet.fr\/index.php\/wp-json\/wp\/v2\/comments?post=52"}],"version-history":[{"count":4,"href":"https:\/\/eterninet.fr\/index.php\/wp-json\/wp\/v2\/pages\/52\/revisions"}],"predecessor-version":[{"id":67,"href":"https:\/\/eterninet.fr\/index.php\/wp-json\/wp\/v2\/pages\/52\/revisions\/67"}],"wp:attachment":[{"href":"https:\/\/eterninet.fr\/index.php\/wp-json\/wp\/v2\/media?parent=52"}],"curies":[{"name":"wp","href":"https:\/\/api.w.org\/{rel}","templated":true}]}}