{"id":50,"date":"2026-02-09T10:40:01","date_gmt":"2026-02-09T09:40:01","guid":{"rendered":"https:\/\/eterninet.fr\/?page_id=50"},"modified":"2026-02-21T09:45:54","modified_gmt":"2026-02-21T08:45:54","slug":"prestations","status":"publish","type":"page","link":"https:\/\/eterninet.fr\/index.php\/prestations\/","title":{"rendered":"Prestations"},"content":{"rendered":"\n<p class=\"has-medium-font-size\"><strong>Prestations r\u00e9alis\u00e9es sur s\u00e9pultures simple (environ 2m x 1m), hors semelle.<\/strong><\/p>\n\n\n\n<p>Toute configuration particuli\u00e8re (Pr\u00e9sence de semelle, monument sp\u00e9cifique, acc\u00e8s difficile&#8230;) fait l&rsquo;objet d&rsquo;un devis personnalis\u00e9. <\/p>\n\n\n\n<p><\/p>\n\n\n\n<h2 class=\"wp-block-heading has-text-color has-link-color wp-elements-7ec130665d5f1b565dd95e1f5829290c\" style=\"color:#5c4303f7\"><strong>Nettoyage et entretien de<\/strong> <strong>s\u00e9pulture<\/strong><\/h2>\n\n\n\n<h3 class=\"wp-block-heading has-accent-2-color has-text-color has-link-color wp-elements-0e4ff064af3d858b6ecf434f9aa67fab\"><strong>Nettoyage simple<\/strong><\/h3>\n\n\n\n<figure class=\"wp-block-image size-large\"><img loading=\"lazy\" decoding=\"async\" width=\"1024\" height=\"953\" src=\"https:\/\/eterninet.fr\/wp-content\/uploads\/2026\/02\/Sepulture-avant-et-apres-2-1024x953.jpg\" alt=\"\" class=\"wp-image-73\" srcset=\"https:\/\/eterninet.fr\/wp-content\/uploads\/2026\/02\/Sepulture-avant-et-apres-2-1024x953.jpg 1024w, https:\/\/eterninet.fr\/wp-content\/uploads\/2026\/02\/Sepulture-avant-et-apres-2-300x279.jpg 300w, https:\/\/eterninet.fr\/wp-content\/uploads\/2026\/02\/Sepulture-avant-et-apres-2-768x715.jpg 768w, https:\/\/eterninet.fr\/wp-content\/uploads\/2026\/02\/Sepulture-avant-et-apres-2.jpg 1390w\" sizes=\"auto, (max-width: 1024px) 100vw, 1024px\" \/><\/figure>\n\n\n\n<p>Exemple d&rsquo;intervention r\u00e9alis\u00e9 par Eterni&rsquo;Net (photo publi\u00e9e avec autorisation)<\/p>\n\n\n\n<p><strong>Tarif : 45 \u20ac TTC<\/strong><\/p>\n\n\n\n<p>Nettoyage manuel complet de la s\u00e9pulture comprenant :<br>\u2013 d\u00e9sherbage manuel<br>\u2013 nettoyage des surfaces (st\u00e8le, tombale, contours)<br>\u2013 finitions soign\u00e9es<br>\u2013 photos avant \/ apr\u00e8s intervention envoy\u00e9es au client<\/p>\n\n\n\n<p><\/p>\n\n\n\n<h3 class=\"wp-block-heading has-accent-2-color has-text-color has-link-color has-large-font-size wp-elements-f8ed1bd44f95e41c76220565d92987e3\"><strong>Nettoyage + traitement anti-mousse<\/strong><\/h3>\n\n\n\n<p><strong>Tarif : 60 \u20ac TTC<\/strong><\/p>\n\n\n\n<p>Nettoyage complet de la s\u00e9pulture avec :<br>\u2013 d\u00e9sherbage manuel<br>\u2013 nettoyage des surfaces<br>\u2013 application d\u2019un traitement anti-mousse \u00e9cologique \u00e0 effet curatif<br>\u2013 finitions soign\u00e9es<br>\u2013 photos avant \/ apr\u00e8s intervention<\/p>\n\n\n\n<p><\/p>\n\n\n\n<h3 class=\"wp-block-heading has-accent-2-color has-text-color has-link-color wp-elements-fa376cd36459502e6ee0f5d3560c936d\"><strong>Nettoyage + traitement hydrofuge<\/strong><\/h3>\n\n\n\n<p><strong>Tarif : 75 \u20ac TTC<\/strong><\/p>\n\n\n\n<p>Nettoyage complet de la s\u00e9pulture comprenant :<br>\u2013 d\u00e9sherbage manuel<br>\u2013 nettoyage des surfaces<br>\u2013 application d\u2019un traitement hydrofuge protecteur apr\u00e8s nettoyage<br>\u2013 finitions soign\u00e9es<br>\u2013 photos avant \/ apr\u00e8s intervention<\/p>\n\n\n\n<p>Le traitement hydrofuge permet de ralentir l&rsquo;encrassement et de prolonger la propret\u00e9 de la s\u00e9pulture.<\/p>\n\n\n\n<p><\/p>\n\n\n\n<h2 class=\"wp-block-heading has-accent-2-color has-text-color has-link-color has-large-font-size wp-elements-42793cda2125d1151901b8efc943adf5\"><strong>Rechampissage des lettres et chiffres<\/strong><\/h2>\n\n\n\n<figure class=\"wp-block-image size-large\"><img loading=\"lazy\" decoding=\"async\" width=\"1024\" height=\"910\" src=\"https:\/\/eterninet.fr\/wp-content\/uploads\/2026\/02\/Sepulture-avant-et-apres-prestation-1-1024x910.jpg\" alt=\"\" class=\"wp-image-72\" srcset=\"https:\/\/eterninet.fr\/wp-content\/uploads\/2026\/02\/Sepulture-avant-et-apres-prestation-1-1024x910.jpg 1024w, https:\/\/eterninet.fr\/wp-content\/uploads\/2026\/02\/Sepulture-avant-et-apres-prestation-1-300x267.jpg 300w, https:\/\/eterninet.fr\/wp-content\/uploads\/2026\/02\/Sepulture-avant-et-apres-prestation-1-768x683.jpg 768w, https:\/\/eterninet.fr\/wp-content\/uploads\/2026\/02\/Sepulture-avant-et-apres-prestation-1.jpg 1389w\" sizes=\"auto, (max-width: 1024px) 100vw, 1024px\" \/><\/figure>\n\n\n\n<p><strong>Exemple de rechampissage<\/strong> <strong>r\u00e9alis\u00e9 sur st\u00e8le.<\/strong><\/p>\n\n\n\n<p><\/p>\n\n\n\n<div class=\"wp-block-columns alignwide is-layout-flex wp-container-core-columns-is-layout-28f84493 wp-block-columns-is-layout-flex\">\n<div class=\"wp-block-column is-vertically-aligned-stretch is-layout-flow wp-block-column-is-layout-flow\">\n<figure class=\"wp-block-image size-large\"><img loading=\"lazy\" decoding=\"async\" width=\"1024\" height=\"574\" src=\"https:\/\/eterninet.fr\/wp-content\/uploads\/2026\/02\/Plaque-cmmemorative-avant-prestation-1-1024x574.jpg\" alt=\"\" class=\"wp-image-76\" srcset=\"https:\/\/eterninet.fr\/wp-content\/uploads\/2026\/02\/Plaque-cmmemorative-avant-prestation-1-1024x574.jpg 1024w, https:\/\/eterninet.fr\/wp-content\/uploads\/2026\/02\/Plaque-cmmemorative-avant-prestation-1-300x168.jpg 300w, https:\/\/eterninet.fr\/wp-content\/uploads\/2026\/02\/Plaque-cmmemorative-avant-prestation-1-768x431.jpg 768w, https:\/\/eterninet.fr\/wp-content\/uploads\/2026\/02\/Plaque-cmmemorative-avant-prestation-1-1536x861.jpg 1536w, https:\/\/eterninet.fr\/wp-content\/uploads\/2026\/02\/Plaque-cmmemorative-avant-prestation-1-2048x1148.jpg 2048w\" sizes=\"auto, (max-width: 1024px) 100vw, 1024px\" \/><\/figure>\n\n\n\n<p><strong>Exemple de rechampissage r\u00e9alis\u00e9 sur plaque comm\u00e9morative<\/strong>.                                       <\/p>\n<\/div>\n\n\n\n<div class=\"wp-block-column is-layout-flow wp-block-column-is-layout-flow\">\n<figure class=\"wp-block-image size-large\"><img loading=\"lazy\" decoding=\"async\" width=\"1024\" height=\"574\" src=\"https:\/\/eterninet.fr\/wp-content\/uploads\/2026\/02\/Plaque-commemorative-apres-prestation-1-1024x574.jpg\" alt=\"\" class=\"wp-image-77\" srcset=\"https:\/\/eterninet.fr\/wp-content\/uploads\/2026\/02\/Plaque-commemorative-apres-prestation-1-1024x574.jpg 1024w, https:\/\/eterninet.fr\/wp-content\/uploads\/2026\/02\/Plaque-commemorative-apres-prestation-1-300x168.jpg 300w, https:\/\/eterninet.fr\/wp-content\/uploads\/2026\/02\/Plaque-commemorative-apres-prestation-1-768x431.jpg 768w, https:\/\/eterninet.fr\/wp-content\/uploads\/2026\/02\/Plaque-commemorative-apres-prestation-1-1536x861.jpg 1536w, https:\/\/eterninet.fr\/wp-content\/uploads\/2026\/02\/Plaque-commemorative-apres-prestation-1-2048x1148.jpg 2048w\" sizes=\"auto, (max-width: 1024px) 100vw, 1024px\" \/><\/figure>\n\n\n\n<p><\/p>\n<\/div>\n<\/div>\n\n\n\n<p><\/p>\n\n\n\n<p><strong>Tarif : 2,50 \u20ac \/ lettre ou chiffre<\/strong><\/p>\n\n\n\n<p>Remise en peinture des lettres ou chiffres grav\u00e9s comprenant :<br>\u2013 d\u00e9capage pr\u00e9alable pour une meilleure adh\u00e9rence<br>\u2013 application de peinture ext\u00e9rieure durable (dor\u00e9e ou blanche)<br>\u2013 finitions soign\u00e9es<br>\u2013 photos avant \/ apr\u00e8s intervention<\/p>\n\n\n\n<p>Intervention possible sur st\u00e8le ou plaque fun\u00e9raire.<\/p>\n\n\n\n<p><\/p>\n\n\n\n<h2 class=\"wp-block-heading has-accent-2-color has-text-color has-link-color has-large-font-size wp-elements-f5f4c19f30e60469bdb440f134b8049f\"><strong>Embellissement de la s\u00e9pulture<\/strong><\/h2>\n\n\n\n<h3 class=\"wp-block-heading has-medium-font-size\">Embellissement par gravier d\u00e9coratif<\/h3>\n\n\n\n<p><strong>Tarif : \u00e0 partir de 20 \u20ac + prix co\u00fbtant<\/strong><\/p>\n\n\n\n<p>Mise en place de gravier d\u00e9coratif comprenant :<br>\u2013 nettoyage de la surface concern\u00e9e<br>\u2013 fourniture et pose de gravier d\u00e9coratif<br>\u2013 finitions soign\u00e9es<\/p>\n\n\n\n<p>Le choix du gravier est d\u00e9fini avec le client.<\/p>\n\n\n\n<p><\/p>\n\n\n\n<h3 class=\"wp-block-heading has-accent-2-color has-text-color has-link-color wp-elements-0458bc6e4214a22088de0664b6fdf0a3\"><strong>Fleurissement<\/strong><\/h3>\n\n\n\n<p><strong>Fleurissement simple : 5 \u20ac + prix co\u00fbtant<\/strong><br>Bouquet ou plante de saison.<\/p>\n\n\n\n<p><strong>Fleurissement personnalis\u00e9 : sur devis<\/strong><br>R\u00e9alisation \u00e0 la demande selon les souhaits du client.<\/p>\n\n\n\n<p>Photos apr\u00e8s installation envoy\u00e9es au client.<\/p>\n\n\n\n<p><\/p>\n\n\n\n<h2 class=\"wp-block-heading has-accent-2-color has-text-color has-link-color has-large-font-size wp-elements-d6fca1b0adc1b4d30fdf6e55f378ad4a\"><strong>Rejointoiement<\/strong><\/h2>\n\n\n\n<p>Tarif : 40 \u20ac \/ m\u00e8tre<\/p>\n\n\n\n<p>Reprise des joints d\u00e9grad\u00e9s afin d\u2019assurer la propret\u00e9 et la durabilit\u00e9 de la s\u00e9pulture, comprenant :<br>\u2013 suppression de l\u2019ancien joint d\u00e9t\u00e9rior\u00e9<br>\u2013 nettoyage des zones concern\u00e9es<br>\u2013 rejointoiement soign\u00e9 (hors travaux de ma\u00e7onnerie)<br>\u2013 finitions propres et harmonieuses<\/p>\n\n\n\n<p>Cette prestation permet de pr\u00e9server l\u2019esth\u00e9tique du monument et de limiter les infiltrations.<\/p>\n\n\n\n<p>Fourniture et application du mastic compris.<\/p>\n\n\n\n<p><\/p>\n\n\n\n<h2 class=\"wp-block-heading has-accent-2-color has-text-color has-link-color has-large-font-size wp-elements-29f1b7c35cb6f6db938e9c985aaa5bac\"><strong>Nettoyage de plaque fun\u00e9raire<\/strong><\/h2>\n\n\n\n<p>Tarif : 5 \u20ac \/ plaque<\/p>\n\n\n\n<p>Nettoyage soign\u00e9 des plaques fun\u00e9raires comprenant :<br>\u2013 nettoyage manuel de la plaque<br>\u2013 \u00e9limination des salissures et traces d\u2019encrassement<br>\u2013 finitions propres et respectueuses du support<\/p>\n\n\n\n<p>Cette prestation est r\u00e9alis\u00e9e en compl\u00e9ment d\u2019une autre intervention ou pour plusieurs plaques.<\/p>\n\n\n\n<p><\/p>\n\n\n\n<h2 class=\"wp-block-heading has-accent-2-color has-text-color has-link-color has-large-font-size wp-elements-6b8df884bca8c966cc43f0c880060fe1\"><strong>D\u00e9placement hors zone<\/strong><\/h2>\n\n\n\n<p>Tarif : 0,50 \u20ac \/ km<\/p>\n\n\n\n<p>Des frais de d\u00e9placement s\u2019appliquent au-del\u00e0 d\u2019un rayon de 25 km autour de Lachapelle-aux-Pots.<\/p>\n\n\n\n<p>Le calcul est effectu\u00e9 sur la distance aller uniquement.<\/p>\n\n\n\n<p><\/p>\n\n\n\n<h2 class=\"wp-block-heading has-text-color has-link-color has-x-large-font-size wp-elements-c9248452d627163afe77c4fd42525dea\" style=\"color:#4e3802f7\"><strong>Formules packag\u00e9es<\/strong><\/h2>\n\n\n\n<h3 class=\"wp-block-heading has-accent-2-color has-text-color has-link-color has-large-font-size wp-elements-943a2a8ca3e8819b2ea4ec285d3b3788\"><strong>Formule Essentielle<\/strong><\/h3>\n\n\n\n<p>Tarif : 45 \u20ac TTC<\/p>\n\n\n\n<p>Comprend :<\/p>\n\n\n\n<ul class=\"wp-block-list\">\n<li>nettoyage complet de la s\u00e9pulture<\/li>\n\n\n\n<li>d\u00e9sherbage manuel<\/li>\n\n\n\n<li>nettoyage des surfaces (st\u00e8le, tombale, contours)<\/li>\n\n\n\n<li>finitions soign\u00e9es<\/li>\n\n\n\n<li>photos avant \/ apr\u00e8s intervention envoy\u00e9es au client<\/li>\n<\/ul>\n\n\n\n<h3 class=\"wp-block-heading has-accent-2-color has-text-color has-link-color has-large-font-size wp-elements-0fc4b14972d7e92f27ac2f4523d0f92c\"><strong>Formule S\u00e9r\u00e9nit\u00e9<\/strong><\/h3>\n\n\n\n<p>Tarif : 75 \u20ac TTC<\/p>\n\n\n\n<p>Comprend :<\/p>\n\n\n\n<ul class=\"wp-block-list\">\n<li>contenu de la formule Essentielle<\/li>\n\n\n\n<li>application d\u2019un traitement hydrofuge protecteur apr\u00e8s nettoyage<\/li>\n<\/ul>\n\n\n\n<h3 class=\"wp-block-heading has-accent-2-color has-text-color has-link-color has-large-font-size wp-elements-5950836f9548e9d712e6c2dcb49260d3\"><strong>Formule M\u00e9moire fleurie<\/strong><\/h3>\n\n\n\n<p>Tarif : 80 \u20ac TTC<\/p>\n\n\n\n<p>Comprend :<\/p>\n\n\n\n<ul class=\"wp-block-list\">\n<li>contenu de la formule S\u00e9r\u00e9nit\u00e9<\/li>\n\n\n\n<li>fleur ou plante de saison<\/li>\n<\/ul>\n\n\n\n<h2 class=\"wp-block-heading has-text-color has-link-color wp-elements-f05966ef8e069f7aa490d41a0cf0ec73\" style=\"color:#614707f7\"><strong>Abonnements annuels<\/strong><\/h2>\n\n\n\n<h3 class=\"wp-block-heading has-accent-2-color has-text-color has-link-color wp-elements-b57004177ab0ab2095bcf2c35d43cf1b\"><strong>Pr\u00e9sence ponctuelle<\/strong><\/h3>\n\n\n\n<p>1 passage \u2013 45 \u20ac TTC<\/p>\n\n\n\n<p>Comprend :<\/p>\n\n\n\n<ul class=\"wp-block-list\">\n<li>Formule Essentielle<\/li>\n\n\n\n<li>photos avant \/ apr\u00e8s intervention<\/li>\n<\/ul>\n\n\n\n<h3 class=\"wp-block-heading has-accent-2-color has-text-color has-link-color wp-elements-1940e84a88f0060c168ab6123b9d707f\"><strong>S\u00e9r\u00e9nit\u00e9 saisonni\u00e8re<\/strong><\/h3>\n\n\n\n<p>3 passages \u2013 126 \u20ac TTC (42 \u20ac par passage)<\/p>\n\n\n\n<p>Comprend :<\/p>\n\n\n\n<ul class=\"wp-block-list\">\n<li>Formule Essentielle<\/li>\n\n\n\n<li>suivi r\u00e9gulier sur l\u2019ann\u00e9e<\/li>\n<\/ul>\n\n\n\n<h3 class=\"wp-block-heading has-accent-2-color has-text-color has-link-color wp-elements-0c4e95b4ead7c289c3000258fa17c1f3\"><strong>Respect &amp; M\u00e9moire<\/strong><\/h3>\n\n\n\n<p>6 passages \u2013 240 \u20ac TTC (40 \u20ac par passage)<\/p>\n\n\n\n<p>Comprend :<\/p>\n\n\n\n<ul class=\"wp-block-list\">\n<li>Formule Essentielle<\/li>\n\n\n\n<li>priorit\u00e9 d\u2019intervention<\/li>\n\n\n\n<li>suivi renforc\u00e9<\/li>\n<\/ul>\n\n\n\n<h3 class=\"wp-block-heading has-accent-2-color has-text-color has-link-color wp-elements-ed9eb27088d069c414ef7c1274bb1517\"><strong>Souvenir \u00e9ternel<\/strong><\/h3>\n\n\n\n<p>12 passages \u2013 444 \u20ac TTC (37 \u20ac par passage)<\/p>\n\n\n\n<p>Comprend :<\/p>\n\n\n\n<ul class=\"wp-block-list\">\n<li>Formule Essentielle<\/li>\n\n\n\n<li>priorit\u00e9 d\u2019intervention<\/li>\n\n\n\n<li>entretien r\u00e9gulier toute l\u2019ann\u00e9e<\/li>\n<\/ul>\n\n\n\n<hr class=\"wp-block-separator has-alpha-channel-opacity\"\/>\n\n\n\n<h3 class=\"wp-block-heading has-accent-2-color has-text-color has-link-color wp-elements-d09b05f817f0cf6a372c63d3b05c4c97\">I<strong>nformations compl\u00e9mentaires<\/strong><\/h3>\n\n\n\n<ul class=\"wp-block-list\">\n<li>Les prestations sont r\u00e9alis\u00e9es sur s\u00e9pulture simple (environ 2 m x 1 m), hors semelle.<\/li>\n\n\n\n<li>Toute configuration particuli\u00e8re (pr\u00e9sence de semelle, monument sp\u00e9cifique, acc\u00e8s difficile, \u00e9tat d\u00e9grad\u00e9\u2026) fait l\u2019objet d\u2019un devis personnalis\u00e9.<\/li>\n\n\n\n<li>Les tarifs indiqu\u00e9s sont exprim\u00e9s en euros TTC.<\/li>\n\n\n\n<li>TVA non applicable \u2013 article 293B du CGI.<\/li>\n\n\n\n<li>D\u00e9placement gratuit dans un rayon de 25 km autour de Lachapelle-aux-Pots.<\/li>\n\n\n\n<li>Au-del\u00e0, des frais de d\u00e9placement de 0,50 \u20ac \/ km s\u2019appliquent (calcul effectu\u00e9 sur la distance aller).<\/li>\n\n\n\n<li>Les interventions sont r\u00e9alis\u00e9es sous r\u00e9serve d\u2019accessibilit\u00e9 de la s\u00e9pulture et des conditions m\u00e9t\u00e9orologiques.<\/li>\n\n\n\n<li>Un bilan photo avant \/ apr\u00e8s intervention est syst\u00e9matiquement transmis au client.<\/li>\n<\/ul>\n\n\n\n<p><\/p>\n\n\n\n<p><\/p>\n\n\n\n<p><\/p>\n\n\n\n<p><\/p>\n\n\n\n<p><\/p>\n\n\n\n<p><\/p>\n\n\n\n<p><\/p>\n\n\n\n<p><\/p>\n\n\n\n<p><\/p>\n\n\n\n<div class=\"wp-block-columns is-layout-flex wp-container-core-columns-is-layout-28f84493 wp-block-columns-is-layout-flex\">\n<div class=\"wp-block-column is-layout-flow wp-block-column-is-layout-flow\"><\/div>\n\n\n\n<div class=\"wp-block-column is-layout-flow wp-block-column-is-layout-flow\"><\/div>\n<\/div>\n","protected":false},"excerpt":{"rendered":"<p>Prestations r\u00e9alis\u00e9es sur s\u00e9pultures simple (environ 2m x 1m), hors semelle. Toute configuration particuli\u00e8re (Pr\u00e9sence de semelle, monument sp\u00e9cifique, acc\u00e8s difficile&#8230;) fait l&rsquo;objet d&rsquo;un devis personnalis\u00e9. Nettoyage et entretien de s\u00e9pulture Nettoyage simple Exemple d&rsquo;intervention r\u00e9alis\u00e9 par Eterni&rsquo;Net (photo publi\u00e9e avec autorisation) Tarif : 45 \u20ac TTC Nettoyage manuel complet de la s\u00e9pulture comprenant :\u2013 [&hellip;]<\/p>\n","protected":false},"author":1,"featured_media":0,"parent":0,"menu_order":2,"comment_status":"closed","ping_status":"closed","template":"","meta":{"footnotes":""},"class_list":["post-50","page","type-page","status-publish","hentry"],"_links":{"self":[{"href":"https:\/\/eterninet.fr\/index.php\/wp-json\/wp\/v2\/pages\/50","targetHints":{"allow":["GET"]}}],"collection":[{"href":"https:\/\/eterninet.fr\/index.php\/wp-json\/wp\/v2\/pages"}],"about":[{"href":"https:\/\/eterninet.fr\/index.php\/wp-json\/wp\/v2\/types\/page"}],"author":[{"embeddable":true,"href":"https:\/\/eterninet.fr\/index.php\/wp-json\/wp\/v2\/users\/1"}],"replies":[{"embeddable":true,"href":"https:\/\/eterninet.fr\/index.php\/wp-json\/wp\/v2\/comments?post=50"}],"version-history":[{"count":7,"href":"https:\/\/eterninet.fr\/index.php\/wp-json\/wp\/v2\/pages\/50\/revisions"}],"predecessor-version":[{"id":84,"href":"https:\/\/eterninet.fr\/index.php\/wp-json\/wp\/v2\/pages\/50\/revisions\/84"}],"wp:attachment":[{"href":"https:\/\/eterninet.fr\/index.php\/wp-json\/wp\/v2\/media?parent=50"}],"curies":[{"name":"wp","href":"https:\/\/api.w.org\/{rel}","templated":true}]}}