{"id":17,"date":"2025-12-17T13:26:58","date_gmt":"2025-12-17T12:26:58","guid":{"rendered":"https:\/\/eterninet.fr\/?page_id=17"},"modified":"2026-02-09T15:10:14","modified_gmt":"2026-02-09T14:10:14","slug":"17-2","status":"publish","type":"page","link":"https:\/\/eterninet.fr\/","title":{"rendered":"Accueil"},"content":{"rendered":"\n<figure class=\"wp-block-image alignfull size-large\"><img loading=\"lazy\" decoding=\"async\" width=\"1024\" height=\"512\" src=\"https:\/\/eterninet.fr\/wp-content\/uploads\/2026\/01\/fond-decran-avec-logo-1024x512.jpg\" alt=\"\" class=\"wp-image-41\" srcset=\"https:\/\/eterninet.fr\/wp-content\/uploads\/2026\/01\/fond-decran-avec-logo-1024x512.jpg 1024w, https:\/\/eterninet.fr\/wp-content\/uploads\/2026\/01\/fond-decran-avec-logo-300x150.jpg 300w, https:\/\/eterninet.fr\/wp-content\/uploads\/2026\/01\/fond-decran-avec-logo-768x384.jpg 768w, https:\/\/eterninet.fr\/wp-content\/uploads\/2026\/01\/fond-decran-avec-logo-1536x768.jpg 1536w, https:\/\/eterninet.fr\/wp-content\/uploads\/2026\/01\/fond-decran-avec-logo-2048x1024.jpg 2048w\" sizes=\"auto, (max-width: 1024px) 100vw, 1024px\" \/><\/figure>\n\n\n\n<p>Eterni&rsquo;Net vous accompagne dans l&rsquo;entretien, le nettoyage et l&#8217;embellissement des s\u00e9pultures, avec respect, soin et discr\u00e9tion.<\/p>\n\n\n\n<p class=\"has-medium-font-size\">Parce que chaque m\u00e9moire m\u00e9rite d&rsquo;\u00eatre pr\u00e9serv\u00e9e.<\/p>\n\n\n\n<p class=\"has-medium-font-size\"><\/p>\n\n\n\n<p class=\"has-contrast-color has-text-color has-link-color has-large-font-size wp-elements-2dd176b93b57b504fc4f8b63c86d027a\">Nos prestations<\/p>\n\n\n\n<p><\/p>\n\n\n\n<p class=\"has-text-align-left\" style=\"font-size:clamp(0.984rem, 0.984rem + ((1vw - 0.2rem) * 0.86), 1.5rem);\">D\u00e9couvrez l&rsquo;ensemble des prestations propos\u00e9es par  Eterni&rsquo;Net pour assurer l&rsquo;entretien et la mise en valeur des s\u00e9pultures.<\/p>\n\n\n\n<ul class=\"wp-block-list\">\n<li><strong>Nettoyage<\/strong> <strong>complet des monuments fun\u00e9raires<\/strong><\/li>\n\n\n\n<li><strong>D\u00e9sherbage manuel et traitement naturel<\/strong><\/li>\n\n\n\n<li><strong>Traitement anti-mousse<\/strong><\/li>\n\n\n\n<li><strong>Traitement hydrofuge<\/strong><\/li>\n\n\n\n<li><strong>Rechampissage des lettres (dor\u00e9es ou blanches)<\/strong><\/li>\n\n\n\n<li><strong>Rejointoiement<\/strong><\/li>\n\n\n\n<li><strong>Embellissement par gravier d\u00e9coratif<\/strong><\/li>\n\n\n\n<li><strong>Fleurissement (fleurs naturelles ou artificielles)<\/strong><\/li>\n<\/ul>\n\n\n\n<h2 class=\"wp-block-heading\" style=\"font-size:clamp(0.929rem, 0.929rem + ((1vw - 0.2rem) * 0.785), 1.4rem);\">Zone d&rsquo;intervention<\/h2>\n\n\n\n<p><strong>Eterni&rsquo;Net intervient pour l&rsquo;entretien et l&#8217;embellissement des s\u00e9pultures dans un rayon de 25 km autour de Lachapelle-aux-Pots (Oise).<\/strong> <strong>Au-del\u00e0 de ce p\u00e9rim\u00e8tre, les d\u00e9placements restent possibles sur devis.<\/strong><\/p>\n\n\n\n<h2 class=\"wp-block-heading\" style=\"font-size:clamp(0.929rem, 0.929rem + ((1vw - 0.2rem) * 0.785), 1.4rem);\">Contact \/ Devis gratuit<\/h2>\n\n\n\n<p><strong>Vous souhaitez obtenir un devis ou des informations compl\u00e9mentaires ?                 <\/strong><\/p>\n\n\n\n<p><strong>Eterni&rsquo;Net vous r\u00e9pond avec s\u00e9rieux et discr\u00e9tion. Le devis est gratuit et sans engagement.<\/strong><\/p>\n\n\n\n<p>\ud83d\udcde <strong>T\u00e9l\u00e9phone : <a href=\"tel:0762732612\">07 62 73 26 12<\/a><\/strong><br>\ud83d\udce7 <strong>Email : <a href=\"mailto:eterninetpro@gmail.com\">eterninetpro@gmail.com<\/a><\/strong><\/p>\n\n\n\n<p><\/p>\n","protected":false},"excerpt":{"rendered":"<p>Eterni&rsquo;Net vous accompagne dans l&rsquo;entretien, le nettoyage et l&#8217;embellissement des s\u00e9pultures, avec respect, soin et discr\u00e9tion. Parce que chaque m\u00e9moire m\u00e9rite d&rsquo;\u00eatre pr\u00e9serv\u00e9e. Nos prestations D\u00e9couvrez l&rsquo;ensemble des prestations propos\u00e9es par Eterni&rsquo;Net pour assurer l&rsquo;entretien et la mise en valeur des s\u00e9pultures. Zone d&rsquo;intervention Eterni&rsquo;Net intervient pour l&rsquo;entretien et l&#8217;embellissement des s\u00e9pultures dans un rayon [&hellip;]<\/p>\n","protected":false},"author":1,"featured_media":27,"parent":0,"menu_order":1,"comment_status":"closed","ping_status":"closed","template":"page-no-title","meta":{"footnotes":""},"class_list":["post-17","page","type-page","status-publish","has-post-thumbnail","hentry"],"_links":{"self":[{"href":"https:\/\/eterninet.fr\/index.php\/wp-json\/wp\/v2\/pages\/17","targetHints":{"allow":["GET"]}}],"collection":[{"href":"https:\/\/eterninet.fr\/index.php\/wp-json\/wp\/v2\/pages"}],"about":[{"href":"https:\/\/eterninet.fr\/index.php\/wp-json\/wp\/v2\/types\/page"}],"author":[{"embeddable":true,"href":"https:\/\/eterninet.fr\/index.php\/wp-json\/wp\/v2\/users\/1"}],"replies":[{"embeddable":true,"href":"https:\/\/eterninet.fr\/index.php\/wp-json\/wp\/v2\/comments?post=17"}],"version-history":[{"count":13,"href":"https:\/\/eterninet.fr\/index.php\/wp-json\/wp\/v2\/pages\/17\/revisions"}],"predecessor-version":[{"id":48,"href":"https:\/\/eterninet.fr\/index.php\/wp-json\/wp\/v2\/pages\/17\/revisions\/48"}],"wp:featuredmedia":[{"embeddable":true,"href":"https:\/\/eterninet.fr\/index.php\/wp-json\/wp\/v2\/media\/27"}],"wp:attachment":[{"href":"https:\/\/eterninet.fr\/index.php\/wp-json\/wp\/v2\/media?parent=17"}],"curies":[{"name":"wp","href":"https:\/\/api.w.org\/{rel}","templated":true}]}}